{"id":5613,"date":"2023-04-13T04:27:56","date_gmt":"2023-04-13T02:27:56","guid":{"rendered":"https:\/\/dev.conel.pl\/?post_type=product&#038;p=5613"},"modified":"2026-02-17T01:04:36","modified_gmt":"2026-02-16T23:04:36","slug":"kanalowy-przetwornik-wilgotnosci-i-temperatury-hd","status":"publish","type":"product","link":"https:\/\/conel.pl\/en\/produkty\/czujniki-i-zadajniki\/przetworniki-wilgotnosci\/kanalowy-przetwornik-wilgotnosci-i-temperatury-hd\/","title":{"rendered":"HD channel humidity and temperature transmitter"},"content":{"rendered":"<p><!--td {border: 1px solid #ccc;}br {mso-data-placement:same-cell;}--><\/p>\n<table dir=\"ltr\" border=\"1\" cellspacing=\"0\" cellpadding=\"0\">\n<colgroup>\n<col width=\"223\" \/>\n<col width=\"160\" \/><\/colgroup>\n<tbody>\n<tr>\n<td data-sheets-value=\"{&quot;1&quot;:2,&quot;2&quot;:&quot;Zasilanie&quot;}\">\u00a0Power supply<\/td>\n<td data-sheets-value=\"{&quot;1&quot;:2,&quot;2&quot;:&quot;24VAC \/ 24VDC&quot;}\">\u00a024VAC \/ 24VDC<\/td>\n<\/tr>\n<tr>\n<td data-sheets-value=\"{&quot;1&quot;:2,&quot;2&quot;:&quot;Pob\u00f3r pr\u0105du&quot;}\">\u00a0Current consumption<\/td>\n<td data-sheets-value=\"{&quot;1&quot;:2,&quot;2&quot;:&quot;50mA&quot;}\">\u00a050mA<\/td>\n<\/tr>\n<tr>\n<td data-sheets-value=\"{&quot;1&quot;:2,&quot;2&quot;:&quot;Wyj\u015bcia analogowe&quot;}\">\u00a0Analog outputs<\/td>\n<td data-sheets-value=\"{&quot;1&quot;:2,&quot;2&quot;:&quot;2 x (0-10V lub 4-20mA)&quot;}\">\u00a02 x (0-10V or 4- 20mA)<\/td>\n<\/tr>\n<tr>\n<td data-sheets-value=\"{&quot;1&quot;:2,&quot;2&quot;:&quot;Zakres pomiarowy wilgotno\u015bci&quot;}\">\u00a0Measuring range of humidity<\/td>\n<td data-sheets-value=\"{&quot;1&quot;:2,&quot;2&quot;:&quot;0-100%&quot;}\">\u00a00-100%<\/td>\n<\/tr>\n<tr>\n<td data-sheets-value=\"{&quot;1&quot;:2,&quot;2&quot;:&quot;Dok\u0142adno\u015b\u0107 pomiaru wilgotno\u015bci&quot;}\">\u00a0Accuracy of humidity measurement<\/td>\n<td data-sheets-value=\"{&quot;1&quot;:2,&quot;2&quot;:&quot;\u00b12%&quot;}\">\u00a0\u00b12%<\/td>\n<\/tr>\n<tr>\n<td data-sheets-value=\"{&quot;1&quot;:2,&quot;2&quot;:&quot;Rodzelczo\u015b\u0107 pomiaru wilgotno\u015bci&quot;}\">\u00a0Resolution of humidity measurement<\/td>\n<td data-sheets-value=\"{&quot;1&quot;:3,&quot;3&quot;:0.001}\" data-sheets-numberformat=\"{&quot;1&quot;:3,&quot;2&quot;:&quot;0.0%&quot;,&quot;3&quot;:1}\">\u00a00,1%<\/td>\n<\/tr>\n<tr>\n<td data-sheets-value=\"{&quot;1&quot;:2,&quot;2&quot;:&quot;Zakres pomiarowy temperatury&quot;}\">\u00a0Temperature measurement range<\/td>\n<td data-sheets-value=\"{&quot;1&quot;:2,&quot;2&quot;:&quot;-40\u00b0C \u00f7 +125\u00b0C&quot;}\">\u00a0-40\u00b0C \u00f7 +125\u00b0C<\/td>\n<\/tr>\n<tr>\n<td data-sheets-value=\"{&quot;1&quot;:2,&quot;2&quot;:&quot;Dok\u0142adno\u015b\u0107 pomiaru wilgotno\u015bci&quot;}\">\u00a0Accuracy of humidity measurement<\/td>\n<td data-sheets-value=\"{&quot;1&quot;:2,&quot;2&quot;:&quot;\u00b10,3%&quot;}\">\u00a0\u00b10.3%<\/td>\n<\/tr>\n<tr>\n<td data-sheets-value=\"{&quot;1&quot;:2,&quot;2&quot;:&quot;Rodzelczo\u015b\u0107 pomiaru wilgotno\u015bci&quot;}\">\u00a0Resolution of humidity measurement<\/td>\n<td data-sheets-value=\"{&quot;1&quot;:3,&quot;3&quot;:0.001}\" data-sheets-numberformat=\"{&quot;1&quot;:3,&quot;2&quot;:&quot;0.0%&quot;,&quot;3&quot;:1}\">\u00a00,1%<\/td>\n<\/tr>\n<tr>\n<td data-sheets-value=\"{&quot;1&quot;:2,&quot;2&quot;:&quot;Stopie\u0144 ochrony&quot;}\">\u00a0Degree of protection<\/td>\n<td data-sheets-value=\"{&quot;1&quot;:2,&quot;2&quot;:&quot;IP54&quot;}\">\u00a0IP54<\/td>\n<\/tr>\n<tr>\n<td data-sheets-value=\"{&quot;1&quot;:2,&quot;2&quot;:&quot;\u015arednica i d\u0142ugo\u015b\u0107 pr\u0119ta&quot;}\">\u00a0Diameter and length of the probe<\/td>\n<td data-sheets-value=\"{&quot;1&quot;:2,&quot;2&quot;:&quot;10x250mm&quot;}\">\u00a010 x 250 mm<\/td>\n<\/tr>\n<tr>\n<td data-sheets-value=\"{&quot;1&quot;:2,&quot;2&quot;:&quot;Rodzaj materia\u0142u&quot;}\">\u00a0Type of material<\/td>\n<td data-sheets-value=\"{&quot;1&quot;:2,&quot;2&quot;:&quot;ABS&quot;}\">\u00a0ABS<\/td>\n<\/tr>\n<tr>\n<td data-sheets-value=\"{&quot;1&quot;:2,&quot;2&quot;:&quot;D\u0142ugo\u015b\u0107 przewod\u00f3w pod\u0142\u0105czeniowych&quot;}\">\u00a0Length of connection wires<\/td>\n<td data-sheets-value=\"{&quot;1&quot;:2,&quot;2&quot;:&quot;&lt;30m&quot;}\">\u00a0&lt;30m<\/td>\n<\/tr>\n<\/tbody>\n<\/table>","protected":false},"excerpt":{"rendered":"<p>The HD duct humidity and temperature transmitter is designed for installation in air ducts. The configuration of the analog output type results in great freedom in adapting the transmitter to application requirements.<\/p>","protected":false},"featured_media":3504,"template":"","meta":{"_acf_changed":false},"product_brand":[],"product_cat":[36,39],"product_tag":[],"class_list":{"0":"post-5613","1":"product","2":"type-product","3":"status-publish","4":"has-post-thumbnail","6":"product_cat-czujniki-i-zadajniki","7":"product_cat-przetworniki-wilgotnosci","9":"first","10":"instock","11":"taxable","12":"shipping-taxable","13":"purchasable","14":"product-type-simple"},"acf":[],"_links":{"self":[{"href":"https:\/\/conel.pl\/en\/wp-json\/wp\/v2\/product\/5613","targetHints":{"allow":["GET"]}}],"collection":[{"href":"https:\/\/conel.pl\/en\/wp-json\/wp\/v2\/product"}],"about":[{"href":"https:\/\/conel.pl\/en\/wp-json\/wp\/v2\/types\/product"}],"wp:featuredmedia":[{"embeddable":true,"href":"https:\/\/conel.pl\/en\/wp-json\/wp\/v2\/media\/3504"}],"wp:attachment":[{"href":"https:\/\/conel.pl\/en\/wp-json\/wp\/v2\/media?parent=5613"}],"wp:term":[{"taxonomy":"product_brand","embeddable":true,"href":"https:\/\/conel.pl\/en\/wp-json\/wp\/v2\/product_brand?post=5613"},{"taxonomy":"product_cat","embeddable":true,"href":"https:\/\/conel.pl\/en\/wp-json\/wp\/v2\/product_cat?post=5613"},{"taxonomy":"product_tag","embeddable":true,"href":"https:\/\/conel.pl\/en\/wp-json\/wp\/v2\/product_tag?post=5613"}],"curies":[{"name":"wp","href":"https:\/\/api.w.org\/{rel}","templated":true}]}}